{"id":245117,"date":"2022-02-28T11:53:28","date_gmt":"2022-02-28T11:53:28","guid":{"rendered":"https:\/\/www.vallesvalles.com\/la-clinica\/"},"modified":"2025-07-24T06:53:22","modified_gmt":"2025-07-24T06:53:22","slug":"la-clinica","status":"publish","type":"page","link":"https:\/\/www.vallesvalles.com\/ca\/la-clinica\/","title":{"rendered":"La cl\u00ednica"},"content":{"rendered":"<p>[et_pb_section fb_built=&#8221;1&#8243; custom_padding_last_edited=&#8221;on|phone&#8221; admin_label=&#8221;Header&#8221; _builder_version=&#8221;4.16&#8243; use_background_color_gradient=&#8221;on&#8221; background_color_gradient_direction=&#8221;110deg&#8221; background_color_gradient_stops=&#8221;#f6f7fa 30%|rgba(255,255,255,0) 100%&#8221; background_color_gradient_overlays_image=&#8221;on&#8221; background_color_gradient_start=&#8221;#f6f7fa&#8221; background_color_gradient_start_position=&#8221;30%&#8221; background_color_gradient_end=&#8221;rgba(255,255,255,0)&#8221; background_image=&#8221;https:\/\/www.vallesvalles.com\/wp-content\/uploads\/2022\/02\/instalaciones.jpg&#8221; background_position=&#8221;center_right&#8221; custom_margin=&#8221;|||&#8221; custom_padding=&#8221;11vw||11vw||true|false&#8221; custom_padding_tablet=&#8221;||||false|false&#8221; custom_padding_phone=&#8221;||||false|false&#8221; bottom_divider_repeat_tablet=&#8221;14x&#8221; bottom_divider_repeat_phone=&#8221;7x&#8221; bottom_divider_repeat_last_edited=&#8221;on|phone&#8221; global_colors_info=&#8221;{}&#8221;][et_pb_row _builder_version=&#8221;4.16&#8243; global_colors_info=&#8221;{}&#8221;][et_pb_column type=&#8221;4_4&#8243; _builder_version=&#8221;4.16&#8243; custom_padding=&#8221;|||&#8221; global_colors_info=&#8221;{}&#8221; custom_padding__hover=&#8221;|||&#8221;][et_pb_text _builder_version=&#8221;4.16&#8243; text_font=&#8221;||||||||&#8221; header_font=&#8221;futura||||||||&#8221; header_font_size=&#8221;50px&#8221; header_line_height=&#8221;1.4em&#8221; header_2_font=&#8221;futura||||||||&#8221; header_2_text_color=&#8221;rgba(0,0,0,0.35)&#8221; header_2_font_size=&#8221;20px&#8221; header_2_line_height=&#8221;1.6em&#8221; max_width=&#8221;500px&#8221; animation_style=&#8221;slide&#8221; animation_direction=&#8221;bottom&#8221; header_font_size_tablet=&#8221;35px&#8221; header_font_size_phone=&#8221;25px&#8221; header_font_size_last_edited=&#8221;on|desktop&#8221; global_colors_info=&#8221;{}&#8221;]<\/p>\n<h1>LA CL\u00cdNICA<\/h1>\n<p>[\/et_pb_text][\/et_pb_column][\/et_pb_row][\/et_pb_section][et_pb_section fb_built=&#8221;1&#8243; admin_label=&#8221;Services&#8221; _builder_version=&#8221;4.16&#8243; use_background_color_gradient=&#8221;on&#8221; background_color_gradient_stops=&#8221;#f6f7fa 0%|#ffffff 100%&#8221; background_color_gradient_overlays_image=&#8221;on&#8221; background_color_gradient_start=&#8221;#f6f7fa&#8221; background_color_gradient_end=&#8221;#ffffff&#8221; background_enable_image=&#8221;off&#8221; locked=&#8221;off&#8221; global_colors_info=&#8221;{}&#8221;][et_pb_row _builder_version=&#8221;4.16&#8243; _module_preset=&#8221;default&#8221; global_colors_info=&#8221;{}&#8221;][et_pb_column type=&#8221;4_4&#8243; _builder_version=&#8221;4.16&#8243; _module_preset=&#8221;default&#8221; global_colors_info=&#8221;{}&#8221;][et_pb_text _builder_version=&#8221;4.16&#8243; text_font=&#8221;Open Sans||||||||&#8221; text_line_height=&#8221;2em&#8221; header_font=&#8221;||||||||&#8221; header_2_font=&#8221;futura|700|||||||&#8221; header_2_font_size=&#8221;40px&#8221; header_2_line_height=&#8221;1.4em&#8221; max_width=&#8221;500px&#8221; header_2_font_size_tablet=&#8221;35px&#8221; header_2_font_size_phone=&#8221;25px&#8221; header_2_font_size_last_edited=&#8221;on|phone&#8221; locked=&#8221;off&#8221; global_colors_info=&#8221;{}&#8221;]<\/p>\n<h2>Qu\u00e8 ens diferencia?<\/h2>\n<p>[\/et_pb_text][\/et_pb_column][\/et_pb_row][et_pb_row column_structure=&#8221;1_3,1_3,1_3&#8243; _builder_version=&#8221;4.16&#8243; locked=&#8221;off&#8221; global_colors_info=&#8221;{}&#8221;][et_pb_column type=&#8221;1_3&#8243; _builder_version=&#8221;4.16&#8243; custom_padding=&#8221;|||&#8221; global_colors_info=&#8221;{}&#8221; custom_padding__hover=&#8221;|||&#8221;][et_pb_code _builder_version=&#8221;4.16&#8243; _module_preset=&#8221;default&#8221; global_colors_info=&#8221;{}&#8221;]<\/p>\n<div class=\"box\"><pee><img decoding=\"async\" src=\"https:\/\/www.vallesvalles.com\/wp-content\/uploads\/2022\/02\/clinica1.jpg\" alt=\"\"><\/pee><pee class=\"mendo-links\"><b>Instal\u00b7lacions<\/b><\/pee><pee><img decoding=\"async\" class=\"mendo-lines\" src=\"\" alt=\"\"><\/pee>\n<div class=\"overbox\"><pee><img decoding=\"async\" class=\"mendo-links-outline\" src=\"\/wp-content\/uploads\/2016\/07\/outline.png\" alt=\"\"><\/pee>\n<div class=\"title overtext\"><pee class=\"mendo-links-title\">Instal\u00b7lacions<\/pee><\/div>\n<div class=\"tagline overtext\"><pee class=\"mendo-links-description\">Recepci\u00f3 \u00e0mplia i acollidora<!\u2013- [et_pb_br_holder] -\u2013><!-- [et_pb_line_break_holder] -->5 boxs, 1 d&#8217;ells \u00e9s el nostre quir\u00f2fan i est\u00e0 dotat amb tot el necessari per a la realitzaci\u00f3 de cirurgies dentals en les millors condicions. <!\u2013- [et_pb_br_holder] -\u2013><!-- [et_pb_line_break_holder] -->Sala de fotografia<!\u2013- [et_pb_br_holder] -\u2013><!-- [et_pb_line_break_holder] -->Sala d&#8217;esterilitzaci\u00f3<!\u2013- [et_pb_br_holder] -\u2013><!-- [et_pb_line_break_holder] -->Laboratori dental<!\u2013- [et_pb_br_holder] -\u2013><!-- [et_pb_line_break_holder] -->Bany adaptat<!\u2013- [et_pb_br_holder] -\u2013><!-- [et_pb_line_break_holder] -->Sala de Rx i CBCT<\/pee><\/div>\n<\/div>\n<\/div>\n<p>[\/et_pb_code][\/et_pb_column][et_pb_column type=&#8221;1_3&#8243; _builder_version=&#8221;4.16&#8243; custom_padding=&#8221;|||&#8221; global_colors_info=&#8221;{}&#8221; custom_padding__hover=&#8221;|||&#8221;][et_pb_code _builder_version=&#8221;4.16&#8243; _module_preset=&#8221;default&#8221; custom_margin=&#8221;||||false|false&#8221; custom_margin_tablet=&#8221;||||false|false&#8221; custom_margin_phone=&#8221;-90px||||false|false&#8221; custom_margin_last_edited=&#8221;on|phone&#8221; global_colors_info=&#8221;{}&#8221;]<\/p>\n<div class=\"box\"><pee><img decoding=\"async\" src=\"https:\/\/www.vallesvalles.com\/wp-content\/uploads\/2022\/02\/clinica2.jpg\" alt=\"\"><\/pee><pee class=\"mendo-links\"><b>tecnologia<\/b><\/pee><pee><img decoding=\"async\" class=\"mendo-lines\" src=\"\/wp-content\/uploads\/2016\/07\/LINES2.png\" alt=\"\"><\/pee>\n<div class=\"overbox\"><pee><img decoding=\"async\" class=\"mendo-links-outline\" src=\"\/wp-content\/uploads\/2016\/07\/outline.png\" alt=\"\"><\/pee>\n<div class=\"title overtext\"><pee class=\"mendo-links-title\">tecnologia<\/pee><\/div>\n<div class=\"tagline overtext\"><pee class=\"mendo-links-description\">Un dels nostres objectius \u00e9s estar al dia en les noves tecnologies que s&#8217;ofereixen en el sector. \u00c9s per aix\u00f2 que en Vall\u00e9s&#038;Vall\u00e9s Cl\u00ednica Dental invertim constantment en aparatologIa de nova generaci\u00f3.<!-- [et_pb_line_break_holder] -->Disposem de tecnologia digital per a dissenyar el teu futur somriure.<\/pee><\/div>\n<\/div>\n<\/div>\n<p>[\/et_pb_code][\/et_pb_column][et_pb_column type=&#8221;1_3&#8243; _builder_version=&#8221;4.16&#8243; custom_padding=&#8221;|||&#8221; global_colors_info=&#8221;{}&#8221; custom_padding__hover=&#8221;|||&#8221;][et_pb_code _builder_version=&#8221;4.16&#8243; _module_preset=&#8221;default&#8221; custom_margin_tablet=&#8221;&#8221; custom_margin_phone=&#8221;-90px||||false|false&#8221; custom_margin_last_edited=&#8221;on|phone&#8221; global_colors_info=&#8221;{}&#8221;]<\/p>\n<div class=\"box\"><pee><img decoding=\"async\" src=\"https:\/\/www.vallesvalles.com\/wp-content\/uploads\/2022\/02\/clinica6.jpg\" alt=\"\"><\/pee><pee class=\"mendo-links\"><b>sedaci\u00f3<\/b><\/pee><pee><img decoding=\"async\" class=\"mendo-lines\" src=\"\/wp-content\/uploads\/2016\/07\/LINES2.png\" alt=\"\"><\/pee>\n<div class=\"overbox\"><pee><img decoding=\"async\" class=\"mendo-links-outline\" src=\"\/wp-content\/uploads\/2016\/07\/outline.png\" alt=\"\"><\/pee>\n<div class=\"title overtext\"><pee class=\"mendo-links-title\">sedaci\u00f3<\/pee><\/div>\n<div class=\"tagline overtext\"><pee class=\"mendo-links-description\">Sabem que anar al dentista en moltes ocasions pot provocar por i ansietat. T&#8217;ajudarem a superar-ho!.<!-- [et_pb_line_break_holder] -->T&#8217;oferim la possibilitat de realitzar els teus tractaments sota sedaci\u00f3 en les nostres instal\u00b7lacions i supervisat per un anestesista altament qualificat.<!-- [et_pb_line_break_holder] --><\/pee><\/div>\n<\/div>\n<\/div>\n<p>[\/et_pb_code][\/et_pb_column][\/et_pb_row][et_pb_row column_structure=&#8221;1_3,1_3,1_3&#8243; _builder_version=&#8221;4.16&#8243; locked=&#8221;off&#8221; global_colors_info=&#8221;{}&#8221;][et_pb_column type=&#8221;1_3&#8243; _builder_version=&#8221;4.16&#8243; custom_padding=&#8221;|||&#8221; global_colors_info=&#8221;{}&#8221; custom_padding__hover=&#8221;|||&#8221;][et_pb_code _builder_version=&#8221;4.16&#8243; _module_preset=&#8221;default&#8221; custom_margin_tablet=&#8221;&#8221; custom_margin_phone=&#8221;-120px||||false|false&#8221; custom_margin_last_edited=&#8221;on|phone&#8221; global_colors_info=&#8221;{}&#8221;]<\/p>\n<div class=\"box\"><pee><img decoding=\"async\" src=\"https:\/\/www.vallesvalles.com\/wp-content\/uploads\/2022\/02\/clinica4.jpg\" alt=\"\"><\/pee><pee class=\"mendo-links\"><b>tracte proper<\/b><\/pee><pee><img decoding=\"async\" class=\"mendo-lines\" src=\"\" alt=\"\"><\/pee>\n<div class=\"overbox\"><pee><img decoding=\"async\" class=\"mendo-links-outline\" src=\"\/wp-content\/uploads\/2016\/07\/outline.png\" alt=\"\"><\/pee>\n<div class=\"title overtext\"><pee class=\"mendo-links-title\">tracte proper<\/pee><\/div>\n<div class=\"tagline overtext\"><pee class=\"mendo-links-description\">La nostra prioritat s\u00f3n els pacients. Quan entris per la porta et sentir\u00e0s ben at\u00e8s. Per a nosaltres no ets un pacient m\u00e9s sin\u00f3 que ser\u00e0s \u00c1lvaro, Juan, Marta, Arlet \u2026.<!-- [et_pb_line_break_holder] -->Busquem el millor tractament per a tu, tenint en compte les teves necessitats, el teu estil de vida i els teus objectius.<\/div>\n<\/div>\n<\/div>\n<p>[\/et_pb_code][\/et_pb_column][et_pb_column type=&#8221;1_3&#8243; _builder_version=&#8221;4.16&#8243; custom_padding=&#8221;|||&#8221; global_colors_info=&#8221;{}&#8221; custom_padding__hover=&#8221;|||&#8221;][et_pb_code _builder_version=&#8221;4.16&#8243; _module_preset=&#8221;default&#8221; custom_margin_tablet=&#8221;&#8221; custom_margin_phone=&#8221;-90px||||false|false&#8221; custom_margin_last_edited=&#8221;on|phone&#8221; global_colors_info=&#8221;{}&#8221;]<\/p>\n<div class=\"box\"><pee><img decoding=\"async\" src=\"https:\/\/www.vallesvalles.com\/wp-content\/uploads\/2022\/02\/clinica5.jpg\" alt=\"\"><\/pee><pee class=\"mendo-links\"><b>formaci\u00f3<\/b><\/pee><pee><img decoding=\"async\" class=\"mendo-lines\" src=\"\/wp-content\/uploads\/2016\/07\/LINES2.png\" alt=\"\"><\/pee>\n<div class=\"overbox\"><pee><img decoding=\"async\" class=\"mendo-links-outline\" src=\"\/wp-content\/uploads\/2016\/07\/outline.png\" alt=\"\"><\/pee>\n<div class=\"title overtext\"><pee class=\"mendo-links-title\">formaci\u00f3<\/pee><\/div>\n<div class=\"tagline overtext\"><pee class=\"mendo-links-description\">La major part dels nostres especialistes imparteixen classes en la universitat i en cursos externs, fet que assegura la constant formaci\u00f3 i posada al dia dels odont\u00f2legs i odont\u00f2logues de la nostra cl\u00ednica.<!-- [et_pb_line_break_holder] --><\/pee><\/div>\n<\/div>\n<\/div>\n<p>[\/et_pb_code][\/et_pb_column][et_pb_column type=&#8221;1_3&#8243; _builder_version=&#8221;4.16&#8243; custom_padding=&#8221;|||&#8221; global_colors_info=&#8221;{}&#8221; custom_padding__hover=&#8221;|||&#8221;][et_pb_code _builder_version=&#8221;4.16&#8243; _module_preset=&#8221;default&#8221; custom_margin_tablet=&#8221;&#8221; custom_margin_phone=&#8221;-90px||||false|false&#8221; custom_margin_last_edited=&#8221;on|phone&#8221; global_colors_info=&#8221;{}&#8221;]<\/p>\n<div class=\"box\"><pee><img decoding=\"async\" src=\"https:\/\/www.vallesvalles.com\/wp-content\/uploads\/2022\/02\/clinica7.jpg\" alt=\"\"><\/pee><pee class=\"mendo-links\"><b>horari i finan\u00e7ament a mida<\/b><\/pee><pee><img decoding=\"async\" class=\"mendo-lines\" src=\"\/wp-content\/uploads\/2016\/07\/LINES2.png\" alt=\"\"><\/pee>\n<div class=\"overbox\"><pee><img decoding=\"async\" class=\"mendo-links-outline\" src=\"\/wp-content\/uploads\/2016\/07\/outline.png\" alt=\"\"><\/pee>\n<div class=\"title overtext\"><pee class=\"mendo-links-title\">horari i finan\u00e7ament a mida<\/pee><\/div>\n<div class=\"tagline overtext\"><pee class=\"mendo-links-description\">El nostre horari \u00e9s de 10 a 14h i de 15h a 20h de dilluns a dijous, i de 9 a 15h els divendres. Per\u00f2 ens adaptem a les teves necessitats, mitjan\u00e7ant un horari flexible.<!-- [et_pb_line_break_holder] -->Volem que la part econ\u00f2mica no sigui un problema, per aix\u00f2 t&#8217;oferim les millors condicions de finan\u00e7ament adaptades a la teva mesura.<!-- [et_pb_line_break_holder] --><\/pee><\/div>\n<\/div>\n<\/div>\n<p>[\/et_pb_code][\/et_pb_column][\/et_pb_row][et_pb_row _builder_version=&#8221;4.16&#8243; _module_preset=&#8221;default&#8221; custom_margin_tablet=&#8221;&#8221; custom_margin_phone=&#8221;-90px||||false|false&#8221; custom_margin_last_edited=&#8221;on|phone&#8221; custom_padding=&#8221;79px|||||&#8221; global_colors_info=&#8221;{}&#8221;][et_pb_column type=&#8221;4_4&#8243; _builder_version=&#8221;4.16&#8243; _module_preset=&#8221;default&#8221; global_colors_info=&#8221;{}&#8221;][et_pb_text _builder_version=&#8221;4.16&#8243; text_font=&#8221;Open Sans||||||||&#8221; text_line_height=&#8221;2em&#8221; header_font=&#8221;||||||||&#8221; header_2_font=&#8221;futura|700|||||||&#8221; header_2_font_size=&#8221;40px&#8221; header_2_line_height=&#8221;1.4em&#8221; max_width=&#8221;500px&#8221; header_2_font_size_tablet=&#8221;35px&#8221; header_2_font_size_phone=&#8221;25px&#8221; header_2_font_size_last_edited=&#8221;on|phone&#8221; locked=&#8221;off&#8221; global_colors_info=&#8221;{}&#8221;]<\/p>\n<h2>La Cl\u00ednica per dins&#8230;<\/h2>\n<p>[\/et_pb_text][\/et_pb_column][\/et_pb_row][et_pb_row _builder_version=&#8221;4.27.4&#8243; _module_preset=&#8221;default&#8221; locked=&#8221;off&#8221;][et_pb_column _builder_version=&#8221;4.27.4&#8243; _module_preset=&#8221;default&#8221; type=&#8221;4_4&#8243;][et_pb_code _builder_version=&#8221;4.27.4&#8243; _module_preset=&#8221;default&#8221; hover_enabled=&#8221;0&#8243; sticky_enabled=&#8221;0&#8243;]<iframe src=\"https:\/\/www.google.com\/maps\/embed?pb=!4v1753189453396!6m8!1m7!1sCAoSHENJQUJJaEFxcUxyY1pPcG5GLWxZdGUybmVVV0g.!2m2!1d41.41134035878039!2d<!-- [et_pb_line_break_holder] -->2.173968646144943!3f223.042281005085!4f-5.285475766348597!5f0.4000000000000002&#8243; width=&#8221;100%&#8221; height=&#8221;450&#8243; style=&#8221;border:0;&#8221; allowfullscreen=&#8221;&#8221; loading=&#8221;lazy&#8221; referrerpolicy=&#8221;no-referrer-when-downgrade&#8221;><\/iframe>[\/et_pb_code][\/et_pb_column][\/et_pb_row][et_pb_row _builder_version=&#8221;4.16&#8243; _module_preset=&#8221;default&#8221; global_colors_info=&#8221;{}&#8221;][et_pb_column type=&#8221;4_4&#8243; _builder_version=&#8221;4.16&#8243; _module_preset=&#8221;default&#8221; global_colors_info=&#8221;{}&#8221;][el_masonry_gallery image_ids=&#8221;244022,244023,244024,244025,244026,244027,244028,244029,244030,244031,244032,244033,244034,244035,244036,244037,244038,244040,244041&#8243; image_size=&#8221;large&#8221; enable_lightbox=&#8221;on&#8221; _builder_version=&#8221;4.16&#8243; _module_preset=&#8221;default&#8221; animation_style=&#8221;fade&#8221; global_colors_info=&#8221;{}&#8221;][\/el_masonry_gallery][\/et_pb_column][\/et_pb_row][\/et_pb_section][et_pb_section fb_built=&#8221;1&#8243; _builder_version=&#8221;4.16&#8243; background_color=&#8221;#f6f7fa&#8221; use_background_color_gradient=&#8221;on&#8221; background_color_gradient_stops=&#8221;#ffffff 0%|#f6f7fa 100%&#8221; background_color_gradient_start=&#8221;#ffffff&#8221; background_color_gradient_end=&#8221;#f6f7fa&#8221; global_colors_info=&#8221;{}&#8221;][et_pb_row column_structure=&#8221;2_3,1_3&#8243; module_id=&#8221;cita&#8221; _builder_version=&#8221;4.16&#8243; global_colors_info=&#8221;{}&#8221;][et_pb_column type=&#8221;2_3&#8243; _builder_version=&#8221;4.16&#8243; custom_padding=&#8221;|||&#8221; global_colors_info=&#8221;{}&#8221; custom_padding__hover=&#8221;|||&#8221;][et_pb_text _builder_version=&#8221;4.16&#8243; text_font=&#8221;Open Sans||||||||&#8221; text_line_height=&#8221;2em&#8221; header_font=&#8221;||||||||&#8221; header_2_font=&#8221;futura||||||||&#8221; header_2_font_size=&#8221;40px&#8221; header_2_line_height=&#8221;1.4em&#8221; header_3_font=&#8221;Cantata One||||||||&#8221; header_3_text_color=&#8221;#0081ff&#8221; header_3_font_size=&#8221;20px&#8221; header_3_line_height=&#8221;1.6em&#8221; header_2_font_size_tablet=&#8221;35px&#8221; header_2_font_size_phone=&#8221;25px&#8221; header_2_font_size_last_edited=&#8221;on|phone&#8221; global_colors_info=&#8221;{}&#8221;]<\/p>\n<h2>DEMANAR CITA<\/h2>\n<p>[\/et_pb_text][et_pb_contact_form captcha=&#8221;off&#8221; email=&#8221;info@vallesvalles.com&#8221; submit_button_text=&#8221;ENVIAR&#8221; module_id=&#8221;et_pb_contact_form_0&#8243; _builder_version=&#8221;4.16&#8243; form_field_background_color=&#8221;#ffffff&#8221; title_level=&#8221;h2&#8243; title_font=&#8221;Cantata One||||||||&#8221; title_font_size=&#8221;40px&#8221; title_line_height=&#8221;1.4em&#8221; form_field_font=&#8221;futura||||||||&#8221; form_field_font_size=&#8221;16px&#8221; form_field_line_height=&#8221;1.8em&#8221; custom_button=&#8221;on&#8221; button_text_size=&#8221;20px&#8221; button_text_color=&#8221;#4f2c1d&#8221; button_bg_color=&#8221;#FFFFFF&#8221; button_border_width=&#8221;2px&#8221; button_border_color=&#8221;#4f2c1d&#8221; button_border_radius=&#8221;0px&#8221; button_font=&#8221;futura|700|||||||&#8221; custom_margin=&#8221;|||&#8221; title_font_size_tablet=&#8221;35px&#8221; title_font_size_phone=&#8221;25px&#8221; title_font_size_last_edited=&#8221;on|phone&#8221; box_shadow_style=&#8221;preset3&#8243; box_shadow_vertical=&#8221;20px&#8221; box_shadow_blur=&#8221;30px&#8221; box_shadow_color=&#8221;rgba(173,180,208,0.2)&#8221; form_background_color=&#8221;#ffffff&#8221; locked=&#8221;off&#8221; global_colors_info=&#8221;{}&#8221; button_bg_color__hover_enabled=&#8221;on|hover&#8221; button_bg_color__hover=&#8221;#cda788&#8243; button_bg_enable_color__hover=&#8221;on&#8221; button_border_width__hover_enabled=&#8221;on|hover&#8221; button_border_width__hover=&#8221;0px&#8221; button_text_color__hover_enabled=&#8221;on|hover&#8221; button_text_color__hover=&#8221;#FFFFFF&#8221;][et_pb_contact_field field_id=&#8221;Name&#8221; field_title=&#8221;Nom&#8221; fullwidth_field=&#8221;on&#8221; _builder_version=&#8221;4.16&#8243; global_colors_info=&#8221;{}&#8221; button_text_size__hover_enabled=&#8221;off&#8221; button_one_text_size__hover_enabled=&#8221;off&#8221; button_two_text_size__hover_enabled=&#8221;off&#8221; button_text_color__hover_enabled=&#8221;off&#8221; button_one_text_color__hover_enabled=&#8221;off&#8221; button_two_text_color__hover_enabled=&#8221;off&#8221; button_border_width__hover_enabled=&#8221;off&#8221; button_one_border_width__hover_enabled=&#8221;off&#8221; button_two_border_width__hover_enabled=&#8221;off&#8221; button_border_color__hover_enabled=&#8221;off&#8221; button_one_border_color__hover_enabled=&#8221;off&#8221; button_two_border_color__hover_enabled=&#8221;off&#8221; button_border_radius__hover_enabled=&#8221;off&#8221; button_one_border_radius__hover_enabled=&#8221;off&#8221; button_two_border_radius__hover_enabled=&#8221;off&#8221; button_letter_spacing__hover_enabled=&#8221;off&#8221; button_one_letter_spacing__hover_enabled=&#8221;off&#8221; button_two_letter_spacing__hover_enabled=&#8221;off&#8221; button_bg_color__hover_enabled=&#8221;off&#8221; button_one_bg_color__hover_enabled=&#8221;off&#8221; button_two_bg_color__hover_enabled=&#8221;off&#8221;][\/et_pb_contact_field][et_pb_contact_field field_id=&#8221;Email&#8221; field_title=&#8221;Correu electr\u00f2nic&#8221; field_type=&#8221;email&#8221; fullwidth_field=&#8221;on&#8221; _builder_version=&#8221;4.16&#8243; global_colors_info=&#8221;{}&#8221; button_text_size__hover_enabled=&#8221;off&#8221; button_one_text_size__hover_enabled=&#8221;off&#8221; button_two_text_size__hover_enabled=&#8221;off&#8221; button_text_color__hover_enabled=&#8221;off&#8221; button_one_text_color__hover_enabled=&#8221;off&#8221; button_two_text_color__hover_enabled=&#8221;off&#8221; button_border_width__hover_enabled=&#8221;off&#8221; button_one_border_width__hover_enabled=&#8221;off&#8221; button_two_border_width__hover_enabled=&#8221;off&#8221; button_border_color__hover_enabled=&#8221;off&#8221; button_one_border_color__hover_enabled=&#8221;off&#8221; button_two_border_color__hover_enabled=&#8221;off&#8221; button_border_radius__hover_enabled=&#8221;off&#8221; button_one_border_radius__hover_enabled=&#8221;off&#8221; button_two_border_radius__hover_enabled=&#8221;off&#8221; button_letter_spacing__hover_enabled=&#8221;off&#8221; button_one_letter_spacing__hover_enabled=&#8221;off&#8221; button_two_letter_spacing__hover_enabled=&#8221;off&#8221; button_bg_color__hover_enabled=&#8221;off&#8221; button_one_bg_color__hover_enabled=&#8221;off&#8221; button_two_bg_color__hover_enabled=&#8221;off&#8221;][\/et_pb_contact_field][et_pb_contact_field field_id=&#8221;telephone&#8221; field_title=&#8221;Tel\u00e8fon&#8221; min_length=&#8221;9&#8243; allowed_symbols=&#8221;numbers&#8221; fullwidth_field=&#8221;on&#8221; _builder_version=&#8221;4.16&#8243; custom_margin=&#8221;||40px|&#8221; global_colors_info=&#8221;{}&#8221; button_text_size__hover_enabled=&#8221;off&#8221; button_one_text_size__hover_enabled=&#8221;off&#8221; button_two_text_size__hover_enabled=&#8221;off&#8221; button_text_color__hover_enabled=&#8221;off&#8221; button_one_text_color__hover_enabled=&#8221;off&#8221; button_two_text_color__hover_enabled=&#8221;off&#8221; button_border_width__hover_enabled=&#8221;off&#8221; button_one_border_width__hover_enabled=&#8221;off&#8221; button_two_border_width__hover_enabled=&#8221;off&#8221; button_border_color__hover_enabled=&#8221;off&#8221; button_one_border_color__hover_enabled=&#8221;off&#8221; button_two_border_color__hover_enabled=&#8221;off&#8221; button_border_radius__hover_enabled=&#8221;off&#8221; button_one_border_radius__hover_enabled=&#8221;off&#8221; button_two_border_radius__hover_enabled=&#8221;off&#8221; button_letter_spacing__hover_enabled=&#8221;off&#8221; button_one_letter_spacing__hover_enabled=&#8221;off&#8221; button_two_letter_spacing__hover_enabled=&#8221;off&#8221; button_bg_color__hover_enabled=&#8221;off&#8221; button_one_bg_color__hover_enabled=&#8221;off&#8221; button_two_bg_color__hover_enabled=&#8221;off&#8221;][\/et_pb_contact_field][et_pb_contact_field field_id=&#8221;lopd&#8221; field_title=&#8221; &#8221; field_type=&#8221;checkbox&#8221; checkbox_options=&#8221;%91{%22value%22:%22He llegit i accepto la %22,%22checked%22:0,%22dragID%22:-1,%22link_url%22:%22https:\/\/www.vallesvalles.com\/politica-de-privacidad%22,%22link_text%22:%22pol\u00edtica de privacitat%22}%93&#8243; fullwidth_field=&#8221;on&#8221; _builder_version=&#8221;4.16&#8243; _module_preset=&#8221;default&#8221; global_colors_info=&#8221;{}&#8221;][\/et_pb_contact_field][\/et_pb_contact_form][\/et_pb_column][et_pb_column type=&#8221;1_3&#8243; _builder_version=&#8221;4.16&#8243; custom_padding=&#8221;|||&#8221; global_colors_info=&#8221;{}&#8221; custom_padding__hover=&#8221;|||&#8221;][et_pb_blurb title=&#8221;EN EL TEU BARRI&#8221; use_icon=&#8221;on&#8221; font_icon=&#8221;&#xf3c5;||fa||900&#8243; icon_placement=&#8221;left&#8221; _builder_version=&#8221;4.16&#8243; header_font=&#8221;futura|700|||||||&#8221; header_font_size=&#8221;23px&#8221; header_line_height=&#8221;1.6em&#8221; body_font=&#8221;||||||||&#8221; body_line_height=&#8221;2em&#8221; animation=&#8221;off&#8221; global_colors_info=&#8221;{}&#8221;]<\/p>\n<p>Cartagena, 321<br \/>08025 Barcelona<\/p>\n<p>[\/et_pb_blurb][et_pb_blurb title=&#8221;HORARIS&#8221; use_icon=&#8221;on&#8221; font_icon=&#8221;&#xe06b;||divi||400&#8243; icon_placement=&#8221;left&#8221; _builder_version=&#8221;4.16.0&#8243; header_font=&#8221;futura|700|||||||&#8221; header_font_size=&#8221;23px&#8221; header_line_height=&#8221;1.6em&#8221; body_font=&#8221;||||||||&#8221; body_line_height=&#8221;2em&#8221; animation=&#8221;off&#8221; global_colors_info=&#8221;{}&#8221;]<\/p>\n<p><strong>Dilluns a dijous:<br \/><\/strong>10h-14h i 15h-20h<br \/><strong>Divendres:<\/strong><br \/>9h-15h<br \/><strong>Dissabte i diumenge:<\/strong><br \/>tancat (atenem urg\u00e8ncies telef\u00f2niques)<\/p>\n<p>[\/et_pb_blurb][et_pb_blurb title=&#8221;CONTACTE&#8221; use_icon=&#8221;on&#8221; font_icon=&#8221;&#xe010;||divi||400&#8243; icon_placement=&#8221;left&#8221; _builder_version=&#8221;4.16&#8243; header_font=&#8221;futura|700|||||||&#8221; header_font_size=&#8221;23px&#8221; header_line_height=&#8221;1.6em&#8221; body_font=&#8221;||||||||&#8221; body_line_height=&#8221;2em&#8221; body_link_text_color=&#8221;rgba(0,0,0,0.8)&#8221; animation=&#8221;off&#8221; global_colors_info=&#8221;{}&#8221;]<\/p>\n<p><b><a href=\"mailto:info@vallesvalles.com\">info@vallesvalles.com<\/a><br \/><\/b><b style=\"font-size: 14px;\">Tel. 934 364 580<br \/>Mob. 618 645 592 (Urg\u00e8ncies)<\/b><b><\/b><\/p>\n<p>[\/et_pb_blurb][\/et_pb_column][\/et_pb_row][\/et_pb_section]<\/p>\n","protected":false},"excerpt":{"rendered":"<p>LA CL\u00cdNICAQu\u00e8 ens diferencia?La Cl\u00ednica per dins&#8230;<\/p>\n","protected":false},"author":1,"featured_media":0,"parent":0,"menu_order":0,"comment_status":"closed","ping_status":"closed","template":"","meta":{"_et_pb_use_builder":"on","_et_pb_old_content":"","_et_gb_content_width":"","inline_featured_image":false,"_joinchat":[],"footnotes":""},"class_list":["post-245117","page","type-page","status-publish","hentry"],"_links":{"self":[{"href":"https:\/\/www.vallesvalles.com\/ca\/wp-json\/wp\/v2\/pages\/245117","targetHints":{"allow":["GET"]}}],"collection":[{"href":"https:\/\/www.vallesvalles.com\/ca\/wp-json\/wp\/v2\/pages"}],"about":[{"href":"https:\/\/www.vallesvalles.com\/ca\/wp-json\/wp\/v2\/types\/page"}],"author":[{"embeddable":true,"href":"https:\/\/www.vallesvalles.com\/ca\/wp-json\/wp\/v2\/users\/1"}],"replies":[{"embeddable":true,"href":"https:\/\/www.vallesvalles.com\/ca\/wp-json\/wp\/v2\/comments?post=245117"}],"version-history":[{"count":13,"href":"https:\/\/www.vallesvalles.com\/ca\/wp-json\/wp\/v2\/pages\/245117\/revisions"}],"predecessor-version":[{"id":245821,"href":"https:\/\/www.vallesvalles.com\/ca\/wp-json\/wp\/v2\/pages\/245117\/revisions\/245821"}],"wp:attachment":[{"href":"https:\/\/www.vallesvalles.com\/ca\/wp-json\/wp\/v2\/media?parent=245117"}],"curies":[{"name":"wp","href":"https:\/\/api.w.org\/{rel}","templated":true}]}}