{"id":245647,"date":"2022-02-21T07:00:21","date_gmt":"2022-02-21T07:00:21","guid":{"rendered":"https:\/\/www.vallesvalles.com\/politica-de-privacidad\/"},"modified":"2023-05-22T17:52:32","modified_gmt":"2023-05-22T17:52:32","slug":"politica-de-privacidad","status":"publish","type":"page","link":"https:\/\/www.vallesvalles.com\/ca\/politica-de-privacidad\/","title":{"rendered":"Pol\u00edtica de privacidad"},"content":{"rendered":"<p>[et_pb_section fb_built=&#8221;1&#8243; theme_builder_area=&#8221;post_content&#8221; _builder_version=&#8221;4.17.4&#8243; _module_preset=&#8221;default&#8221;][et_pb_row _builder_version=&#8221;4.17.4&#8243; _module_preset=&#8221;default&#8221; theme_builder_area=&#8221;post_content&#8221;][et_pb_column _builder_version=&#8221;4.17.4&#8243; _module_preset=&#8221;default&#8221; type=&#8221;4_4&#8243; theme_builder_area=&#8221;post_content&#8221;][et_pb_text _builder_version=&#8221;4.17.4&#8243; _module_preset=&#8221;default&#8221; theme_builder_area=&#8221;post_content&#8221; hover_enabled=&#8221;0&#8243; sticky_enabled=&#8221;0&#8243;]<\/p>\n<p style=\"text-align: center;\"><strong>POL\u00cdTICA DE PRIVACITAT<\/strong><\/p>\n<p>&nbsp;<\/p>\n<p>El respecte a la privacitat de l&#8217;usuari i protecci\u00f3 de les seves dades de car\u00e0cter personal s\u00f3n un dels objectius primordials per a CL\u00cdNICA DENTAL ANGEL VALL\u00c9S, S.L.P. (d&#8217;ara endavant, VALLS&amp;VALLS CL\u00cdNICA DENTAL).<br \/>En respecte a la Llei org\u00e0nica 15\/1999, de 13 de desembre, de Protecci\u00f3 de Dades de Car\u00e0cter Personal i el Reglament General de Protecci\u00f3 de Dades 2016\/679 de la Uni\u00f3 Europea, aquesta labor de recopilaci\u00f3 de les dades es regir\u00e0 a partir dels termes descrits a continuaci\u00f3:<\/p>\n<p>Informaci\u00f3 sobre la recopilaci\u00f3, finalitat, legitimaci\u00f3 i temps de conservaci\u00f3 de les dades de car\u00e0cter personal<br \/>VALLS&amp;VALLS CL\u00cdNICA DENTAL pot recopilar dades d&#8217;aquells usuaris que es posin en contacte a trav\u00e9s de correu electr\u00f2nic o tel\u00e8fon, i que legitimaran el tractament de les dades segons les estipulacions recollides en el present apartat i el consentiment prestat per l&#8217;usuari.<br \/>L&#8217;usuari consent expressa i inequ\u00edvocament que aquelles dades de car\u00e0cter personal que faciliti siguin incorporats als nostres fitxers, aix\u00ed com el seu tractament automatitzat, o no, amb la finalitat de gestionar el motiu del seu contacte, donar-li tr\u00e0mit a nivell administratiu, prestar els serveis assenyalats en la nostra p\u00e0gina web; aix\u00ed com per a l&#8217;aix\u00ed com la remissi\u00f3 de comunicacions comercials, promocionals o publicit\u00e0ries.<br \/>Aquests fitxers es troben degudament inscrits en l&#8217;Ag\u00e8ncia Espanyola de Protecci\u00f3 de Dades conforme a la legislaci\u00f3 vigent i normativa de desenvolupament.<br \/>Aix\u00ed mateix, es comunica als usuaris que les dades de car\u00e0cter personal seran conservats fins que hagin deixat de ser necessaris o pertinents per a la finalitat pels quals van ser recaptats o registrats en els nostres fitxers. Posteriorment, les dades de car\u00e0cter personal que compleixin aquesta condici\u00f3, seran cancel\u00b7lats, tret que hi hagi una norma de rang legal que habiliti la seva conservaci\u00f3. Destacar que les dades de car\u00e0cter personal seran cancel\u00b7lats quan l&#8217;usuari hagi exercit el dret de cancel\u00b7laci\u00f3 d&#8217;aquests.<\/p>\n<p>Xarxes Socials<br \/>VALLS &amp; VALLS CL\u00cdNICA DENTAL \u00e9s present en les principals xarxes socials: Facebook, Twitter, Google +, *intagram. Per aquest motiu assumeix el paper de Responsable del Tractament de les dades abocades en els seus perfils derivat d&#8217;amics, *likes, *followers o seguidors, *comments, pins, etc.<br \/>L&#8217;usuari accepta expressament estar sotm\u00e8s a les condicions i termes que, en mat\u00e8ria de privacitat, disposen les diferents xarxes socials o plataformes on VALLS &amp; VALLS CL\u00cdNICA DENTAL \u00e9s present, facultant a aquest a utilitzar els mitjans que les mateixes xarxes li permet per a informar els usuaris sobre les diferents activitats i serveis que realitza.<\/p>\n<p>Drets dels usuaris<br \/>El consentiment atorgat pot ser revocat i per aix\u00f2 els usuaris poden exercir els seus drets d&#8217;acc\u00e9s, rectificaci\u00f3, cancel\u00b7laci\u00f3 i oposici\u00f3 prevists en la Llei org\u00e0nica 15\/1999, de 13 de desembre, de Protecci\u00f3 de Dades de Car\u00e0cter Personal dirigint una comunicaci\u00f3 per escrit a l&#8217;adre\u00e7a: Carrer Cartagena, 321, Pis 1r, Porta 1a, de la localitat de Barcelona (C.P. 08025 \u2013 Barcelona); o b\u00e9 a trav\u00e9s d&#8217;email info@vallesvalles.com incloent en tots dos casos fotocopia del seu DNI o un altre document identificatiu similar i assumpte \u201cPROTECCI\u00d3 DE DADES \u2013 VALLS&amp;VALLS CL\u00cdNICA DENTAL\u201d.<br \/>L&#8217;usuari t\u00e9 dret a presentar una reclamaci\u00f3 davant l&#8217;Ag\u00e8ncia Espanyola de Protecci\u00f3 de Dades si considera que es vulneren els drets anteriorment exposats en la present pol\u00edtica de privacitat o si considera que el tractament de dades personals que el concerneixen infringeix el Reglament (UE) 2016\/679 del Parlament Europeu i del Consell, de 27 d&#8217;abril de 2016, la Llei org\u00e0nica 15\/1999, de 13 de desembre, de Protecci\u00f3 de Dades de Car\u00e0cter Personal i el seu Reglament de desenvolupament.<\/p>\n<p>Seguretat aplicada a les dades de car\u00e0cter personal<br \/>A fi de garantir la seguretat i integritat de les dades facilitades que siguin de car\u00e0cter personal, VALLS&amp;VALLS CL\u00cdNICA DENTAL ha adoptat les mesures t\u00e8cniques i organitzatives necess\u00e0ries amb l&#8217;objectiu d&#8217;evitar la perduda de les dades, el tractament o l&#8217;acc\u00e9s no autoritzat de tercers tal com estipula la legislaci\u00f3 vigent en la mat\u00e8ria i tenint en compte de l&#8217;estat de la tecnologia i la naturalesa de les dades emmagatzemades.<\/p>\n<p>Modificacions<br \/>La present Pol\u00edtica de Privacitat podr\u00e0 ser actualitzada en qualsevol moment sobre la base de les necessitats pr\u00f2pies de la website i futurs canvis legislatius en mat\u00e8ria de privacitat, reservant-se VALLS&amp;VALLS CL\u00cdNICA DENTAL aquest dret en exclusiva.<\/p>\n<p>Contacte amb VALLS&amp;VALLS CL\u00cdNICA DENTAL<br \/>Carrer Cartagena, 321, Pis 1r, Porta 1a<br \/>Barcelona (08025)<br \/>*Tlf. 93.436.45.80<br \/>info@vallesvalles.com<\/p>\n<p>&nbsp;<\/p>\n<p>[\/et_pb_text][\/et_pb_column][\/et_pb_row][\/et_pb_section]<\/p>\n","protected":false},"excerpt":{"rendered":"<p>POL\u00cdTICA DE PRIVACITAT &nbsp; El respecte a la privacitat de l&#8217;usuari i protecci\u00f3 de les seves dades de car\u00e0cter personal s\u00f3n un dels objectius primordials per a CL\u00cdNICA DENTAL ANGEL VALL\u00c9S, S.L.P. (d&#8217;ara endavant, VALLS&amp;VALLS CL\u00cdNICA DENTAL).En respecte a la Llei org\u00e0nica 15\/1999, de 13 de desembre, de Protecci\u00f3 de Dades de Car\u00e0cter Personal i [&hellip;]<\/p>\n","protected":false},"author":1,"featured_media":0,"parent":0,"menu_order":0,"comment_status":"closed","ping_status":"open","template":"","meta":{"_et_pb_use_builder":"on","_et_pb_old_content":"","_et_gb_content_width":"","inline_featured_image":false,"_joinchat":[],"footnotes":""},"class_list":["post-245647","page","type-page","status-publish","hentry"],"_links":{"self":[{"href":"https:\/\/www.vallesvalles.com\/ca\/wp-json\/wp\/v2\/pages\/245647","targetHints":{"allow":["GET"]}}],"collection":[{"href":"https:\/\/www.vallesvalles.com\/ca\/wp-json\/wp\/v2\/pages"}],"about":[{"href":"https:\/\/www.vallesvalles.com\/ca\/wp-json\/wp\/v2\/types\/page"}],"author":[{"embeddable":true,"href":"https:\/\/www.vallesvalles.com\/ca\/wp-json\/wp\/v2\/users\/1"}],"replies":[{"embeddable":true,"href":"https:\/\/www.vallesvalles.com\/ca\/wp-json\/wp\/v2\/comments?post=245647"}],"version-history":[{"count":2,"href":"https:\/\/www.vallesvalles.com\/ca\/wp-json\/wp\/v2\/pages\/245647\/revisions"}],"predecessor-version":[{"id":245651,"href":"https:\/\/www.vallesvalles.com\/ca\/wp-json\/wp\/v2\/pages\/245647\/revisions\/245651"}],"wp:attachment":[{"href":"https:\/\/www.vallesvalles.com\/ca\/wp-json\/wp\/v2\/media?parent=245647"}],"curies":[{"name":"wp","href":"https:\/\/api.w.org\/{rel}","templated":true}]}}