{"id":245732,"date":"2022-02-21T07:00:21","date_gmt":"2022-02-21T07:00:21","guid":{"rendered":"https:\/\/www.vallesvalles.com\/politica-de-privacidad\/"},"modified":"2023-05-24T08:01:10","modified_gmt":"2023-05-24T08:01:10","slug":"politica-de-privacidad","status":"publish","type":"page","link":"https:\/\/www.vallesvalles.com\/en\/politica-de-privacidad\/","title":{"rendered":"Pricavy Policy"},"content":{"rendered":"<p>[et_pb_section fb_built=&#8221;1&#8243; _builder_version=&#8221;4.17.4&#8243; _module_preset=&#8221;default&#8221; global_colors_info=&#8221;{}&#8221;][et_pb_row _builder_version=&#8221;4.17.4&#8243; _module_preset=&#8221;default&#8221; global_colors_info=&#8221;{}&#8221;][et_pb_column type=&#8221;4_4&#8243; _builder_version=&#8221;4.17.4&#8243; _module_preset=&#8221;default&#8221; global_colors_info=&#8221;{}&#8221;][et_pb_text _builder_version=&#8221;4.17.4&#8243; _module_preset=&#8221;default&#8221; hover_enabled=&#8221;0&#8243; global_colors_info=&#8221;{}&#8221; sticky_enabled=&#8221;0&#8243;]<\/p>\n<p style=\"text-align: center;\"><strong>PRIVACY POLICY<\/strong><\/p>\n<p>Respect for the privacy of users and their personal data protection is one of the primary objectives of CL\u00cdNICA DENTAL ANGEL VALL\u00c9S, SLP (hereinafter,<br \/>VALLES &amp; VALLES CL\u00cdNICA DENTAL).<\/p>\n<p>In compliance with Organic Law 15\/1999, of 13 December, on the Protection of Personal Data and the General Data Protection Regulation 2016\/679 of the European<br \/>Union, this data collection work will be governed by the terms described below:<\/p>\n<p><strong>Information on the collection, purpose, legitimacy and storage period of personal data<\/strong><\/p>\n<p>VALLES &amp; VALLES CL\u00cdNICA DENTAL may collect data from those users who contact us by email or telephone, and who will legitimize the processing of the data following the stipulations contained in this section and the consent given by the user. The user unequivocally consents that the personal data they provide will be<br \/>incorporated into our files, as well as their automated processing, or otherwise, in order to manage the reason for which they contact us, administrative processing and provision of the services indicated on our website, as well as for the sending of commercial, promotional or advertising communications.<\/p>\n<p>These files are duly registered with the Spanish Data Protection Agency in accordance with current legislation and development regulations.<br \/>Likewise, users are informed that their personal data will be kept until it is no longer necessary or relevant for the purpose for which it was collected or registered in our files. Subsequently, personal data that meets this condition will be cancelled, unless a legal regulation authorizes their storage. Finally, it should be noted that personal data will be cancelled in the event that the user exercises his or her right to cancel the data.<\/p>\n<p><strong>Social networks<\/strong><\/p>\n<p>VALLES &amp; VALLES CL\u00cdNICA DENTAL is present on the main social networks: Facebook, Twitter, Google +, and Instagram. For this reason, it assumes the role of Treatment Manager of the data posted in its profiles derived from friends, likes, followers, comments, pins, etc.<\/p>\n<p>The user expressly agrees to be subject to the conditions and terms that govern the privacy of the different social networks or platforms where VALLES &amp; VALLES CL\u00cdNICA DENTAL is present, empowering it to use the means that the same networks allow to inform users about the different activities and services it performs.<\/p>\n<p><strong>User rights<\/strong><\/p>\n<p>The consent given by the user can be revoked, and therefore the users can exercise their rights of access, rectification, cancellation or opposition to its treatment provided for by the Organic Law 15\/1999, of 13 December, on the Protection of Personal Data by directing a written communication to the following address: Calle Cartagena, 321, Piso 1\u00ba, Puerta 1\u00aa, in the city of Barcelona (C. P. 08025 &#8211; Barcelona); or by email to info@vallesvalles.com including in both cases a photocopy of his\/her ID card or similar identification document and the subject line &#8220;DATA PROTECTION &#8211; VALLES &amp; VALLES CL\u00cdNICA DENTAL.&#8221;<\/p>\n<p>The user has the right to file a claim with the Spanish Agency for Data Protection if he or she considers that the rights previously described in this privacy policy are violated or if he or she believes that the processing of personal data concerning him or her violates Regulation (EU) 2016\/679 of the European Parliament and of the Council, of 27 April 2016, Organic Law 15\/1999, of 13 December, on the Protection of Personal Data and its Development Regulations.<\/p>\n<p><strong>Security applied to personal data<\/strong><\/p>\n<p>In order to guarantee the security and integrity of the personal data provided, VALLES &amp; VALLES CL\u00cdNICA DENTAL has adopted the necessary technical and organizational measures in order to prevent the loss or unauthorized treatment of data or access to it by third parties as stipulated by current legislation on the matter and taking into account the state of technology and the nature of the data stored.<\/p>\n<p><strong>Modifications<\/strong><\/p>\n<p>This Privacy Policy may be updated at any time based on the needs of the website and future legislative changes in matters of privacy, with VALLES&amp;amp;VALLES CL\u00cdNICA DENTAL reserving this exclusive right to do so.<\/p>\n<p><strong>Contact<\/strong><\/p>\n<p>VALLES &amp; VALLES CL\u00cdNICA DENTAL<br \/>Calle Cartagena, 321, Piso 1\u00ba, Puerta 1\u00aa<br \/>Barcelona (08025)<br \/>Tel. 934 364 580<br \/>info@vallesvalles.com<\/p>\n<p>[\/et_pb_text][\/et_pb_column][\/et_pb_row][\/et_pb_section]<\/p>\n","protected":false},"excerpt":{"rendered":"<p>PRIVACY POLICY Respect for the privacy of users and their personal data protection is one of the primary objectives of CL\u00cdNICA DENTAL ANGEL VALL\u00c9S, SLP (hereinafter,VALLES &amp; VALLES CL\u00cdNICA DENTAL). In compliance with Organic Law 15\/1999, of 13 December, on the Protection of Personal Data and the General Data Protection Regulation 2016\/679 of the EuropeanUnion, [&hellip;]<\/p>\n","protected":false},"author":1,"featured_media":0,"parent":0,"menu_order":0,"comment_status":"closed","ping_status":"open","template":"","meta":{"_et_pb_use_builder":"on","_et_pb_old_content":"<!-- wp:paragraph -->\n<p>El respeto a la privacidad del usuario y protecci\u00f3n de sus datos de car\u00e1cter personal son uno de los objetivos primordiales para CL\u00cdNICA DENTAL ANGEL VALL\u00c9S, S.L.P. (en adelante, VALLES&amp;VALLES CL\u00cdNICA DENTAL).<br>En respeto a la Ley Org\u00e1nica 15\/1999, de 13 de diciembre, de Protecci\u00f3n de Datos de Car\u00e1cter Personal y el Reglamento General de Protecci\u00f3n de Datos 2016\/679 de la Uni\u00f3n Europea, esta labor de recopilaci\u00f3n de los datos se regir\u00e1 a partir de los t\u00e9rminos descritos a continuaci\u00f3n:<\/p>\n<!-- \/wp:paragraph -->\n\n<!-- wp:paragraph -->\n<p><br><strong>Informaci\u00f3n sobre la recopilaci\u00f3n, finalidad, legitimaci\u00f3n y tiempo de conservaci\u00f3n de los datos de car\u00e1cter personal<\/strong><br>VALLES&amp;VALLES CL\u00cdNICA DENTAL puede recopilar datos de aquellos usuarios que se pongan en contacto a trav\u00e9s de correo electr\u00f3nico o tel\u00e9fono, y que legitimar\u00e1n el tratamiento de los datos seg\u00fan las estipulaciones recogidas en el presente apartado y el consentimiento prestado por el usuario.<br>El usuario consiente expresa e inequ\u00edvocamente que aquellos datos de car\u00e1cter personal que facilite sean incorporados a nuestros ficheros, as\u00ed como su tratamiento automatizado, o no, con la finalidad de gestionar el motivo de su contacto, darle tr\u00e1mite a nivel administrativo, prestar los servicios se\u00f1alados en nuestra p\u00e1gina web; as\u00ed como para el as\u00ed como la remisi\u00f3n de comunicaciones comerciales, promocionales o publicitarias.<br>Dichos ficheros se encuentran debidamente inscritos en la Agencia Espa\u00f1ola de Protecci\u00f3n de Datos conforme a la legislaci\u00f3n vigente y normativa de desarrollo.<br>As\u00ed mismo, se comunica a los usuarios que los datos de car\u00e1cter personal ser\u00e1n conservados hasta que hayan dejado de ser necesarios o pertinentes para la finalidad por los que fueron recabados o registrados en nuestros ficheros. Posteriormente, los datos de car\u00e1cter personal que cumplan esta condici\u00f3n, ser\u00e1n cancelados, a no ser que haya una norma de rango legal que habilite su conservaci\u00f3n. Destacar que los datos de car\u00e1cter personal ser\u00e1n cancelados cuando el usuario haya ejercido el derecho de cancelaci\u00f3n de los mismos.<\/p>\n<!-- \/wp:paragraph -->\n\n<!-- wp:paragraph -->\n<p><strong>Redes Sociales<\/strong><br>VALLES &amp; VALLES&nbsp;CL\u00cdNICA DENTAL&nbsp;est\u00e1 presente en las principales redes sociales: Facebook, Twitter, Google +, intagram. Por este motivo asume el papel de Responsable del Tratamiento de los datos vertidos en sus perfiles derivado de&nbsp;amigos, likes, followers o seguidores, comments,&nbsp;pines, etc.<br>El usuario acepta expresamente estar sometido a las condiciones y t\u00e9rminos que, en materia de privacidad, disponen las distintas redes sociales o plataformas donde VALLES &amp; VALLES&nbsp;CL\u00cdNICA DENTAL&nbsp;est\u00e1 presente, facultando a \u00e9ste a utilizar los medios que las mismas redes le permite para informar a los usuarios sobre las diferentes actividades y servicios que realiza.<\/p>\n<!-- \/wp:paragraph -->\n\n<!-- wp:paragraph -->\n<p><strong>Derechos de los usuarios<\/strong><br>El consentimiento otorgado puede ser revocado y por ello los usuarios pueden ejercer sus derechos de acceso, rectificaci\u00f3n, cancelaci\u00f3n y oposici\u00f3n previstos en la Ley Org\u00e1nica 15\/1999, de 13 de diciembre, de Protecci\u00f3n de Datos de Car\u00e1cter Personal dirigiendo una comunicaci\u00f3n por escrito a la direcci\u00f3n: Calle Cartagena, 321, Piso 1\u00ba, Puerta 1\u00aa, de la localidad de Barcelona (C.P. 08025 \u2013 Barcelona); o bien a trav\u00e9s de email&nbsp;info@vallesvalles.com&nbsp;incluyendo en ambos casos fotocopia de su DNI u otro documento identificativo similar y asunto \u201cPROTECCI\u00d3N DE DATOS \u2013 VALLES&amp;VALLES CL\u00cdNICA DENTAL\u201d.<br>El usuario tiene derecho a presentar una reclamaci\u00f3n ante la&nbsp;Agencia Espa\u00f1ola de Protecci\u00f3n de Datos&nbsp;si considera que se vulneran los derechos anteriormente expuestos en la presente pol\u00edtica de privacidad o si considera que el tratamiento de datos personales que le conciernen infringe el&nbsp;Reglamento (UE) 2016\/679 del Parlamento Europeo y del Consejo, de 27 de abril de 2016, la Ley Org\u00e1nica 15\/1999, de 13 de diciembre, de Protecci\u00f3n de Datos de Car\u00e1cter Personal y su Reglamento de desarrollo.<\/p>\n<!-- \/wp:paragraph -->\n\n<!-- wp:paragraph -->\n<p><strong>Seguridad aplicada a los datos de car\u00e1cter personal<\/strong><br>Con el objeto de garantizar la seguridad e integridad de los datos facilitados que sean de car\u00e1cter personal, VALLES&amp;VALLES CL\u00cdNICA DENTAL ha adoptado las medidas t\u00e9cnicas y organizativas necesarias con el objetivo de evitar la perdida de los datos, el tratamiento o el acceso no autorizado de terceros tal y como estipula la legislaci\u00f3n vigente en la materia y habida cuenta del estado de la tecnolog\u00eda y la naturaleza de los datos almacenados.<\/p>\n<!-- \/wp:paragraph -->\n\n<!-- wp:paragraph -->\n<p><strong>Modificaciones<\/strong><br>La presente Pol\u00edtica de Privacidad podr\u00e1 ser actualizada en cualquier momento en base a las necesidades propias de la&nbsp;website&nbsp;y futuros cambios legislativos en materia de privacidad,&nbsp;reserv\u00e1ndose&nbsp;VALLES&amp;VALLES CL\u00cdNICA DENTAL&nbsp;este derecho en exclusiva.<\/p>\n<!-- \/wp:paragraph -->\n\n<!-- wp:paragraph -->\n<p><strong>Contacto con VALLES&amp;VALLES CL\u00cdNICA DENTAL<\/strong><br>Calle Cartagena, 321, Piso 1\u00ba, Puerta 1\u00aa<br>Barcelona (08025)<br>Tlf. 93.436.45.80<br>info@vallesvalles.com<\/p>\n<!-- \/wp:paragraph -->","_et_gb_content_width":"1080","inline_featured_image":false,"_joinchat":[],"footnotes":""},"class_list":["post-245732","page","type-page","status-publish","hentry"],"_links":{"self":[{"href":"https:\/\/www.vallesvalles.com\/en\/wp-json\/wp\/v2\/pages\/245732","targetHints":{"allow":["GET"]}}],"collection":[{"href":"https:\/\/www.vallesvalles.com\/en\/wp-json\/wp\/v2\/pages"}],"about":[{"href":"https:\/\/www.vallesvalles.com\/en\/wp-json\/wp\/v2\/types\/page"}],"author":[{"embeddable":true,"href":"https:\/\/www.vallesvalles.com\/en\/wp-json\/wp\/v2\/users\/1"}],"replies":[{"embeddable":true,"href":"https:\/\/www.vallesvalles.com\/en\/wp-json\/wp\/v2\/comments?post=245732"}],"version-history":[{"count":4,"href":"https:\/\/www.vallesvalles.com\/en\/wp-json\/wp\/v2\/pages\/245732\/revisions"}],"predecessor-version":[{"id":245738,"href":"https:\/\/www.vallesvalles.com\/en\/wp-json\/wp\/v2\/pages\/245732\/revisions\/245738"}],"wp:attachment":[{"href":"https:\/\/www.vallesvalles.com\/en\/wp-json\/wp\/v2\/media?parent=245732"}],"curies":[{"name":"wp","href":"https:\/\/api.w.org\/{rel}","templated":true}]}}